{"id":120,"date":"2025-02-23T12:42:16","date_gmt":"2025-02-23T11:42:16","guid":{"rendered":"http:\/\/centreprotestantdelouest.ovh\/?page_id=120"},"modified":"2026-01-12T16:41:02","modified_gmt":"2026-01-12T15:41:02","slug":"le-mot-du-president","status":"publish","type":"page","link":"https:\/\/centreprotestantdelouest.ovh\/index.php\/le-mot-du-president\/","title":{"rendered":"Le mot du pr\u00e9sident"},"content":{"rendered":"\t\t<div data-elementor-type=\"wp-page\" data-elementor-id=\"120\" class=\"elementor elementor-120\">\n\t\t\t\t<div class=\"elementor-element elementor-element-7fbc42e e-flex e-con-boxed e-con e-parent\" data-id=\"7fbc42e\" data-element_type=\"container\">\n\t\t\t\t\t<div class=\"e-con-inner\">\n\t\t\t\t<div class=\"elementor-element elementor-element-ac4cc8c elementor-widget elementor-widget-text-editor\" data-id=\"ac4cc8c\" data-element_type=\"widget\" data-widget_type=\"text-editor.default\">\n\t\t\t\t<div class=\"elementor-widget-container\">\n\t\t\t\t\t\t\t\t\t<p><strong>\u00a0Le mot du Pr\u00e9sident (1<sup>er<\/sup> Janvier 2026)<\/strong><\/p><p><strong>\u00a0<\/strong><\/p><p align=\"justify\">Tout d\u2019abord, je pr\u00e9sente \u00e0 tou(te)s les adh\u00e9rent(e)s, ami(e)s et sympathisant(e)s du CPO mes Meilleurs V\u0153ux pour 2026.<\/p><p align=\"justify\">Pour le CPO, 2025 a \u00e9t\u00e9 une ann\u00e9e contrast\u00e9e avec des avanc\u00e9es sur notre identification avec le rajout du mot \u00ab\u00a0culturel\u00a0\u00bb dans l\u2019intitul\u00e9 du CPO afin que notre association ne soit pas assimil\u00e9e \u00e0 une association cultuelle (ce qui va de soi lorsqu\u2019on examine nos activit\u00e9s). Dans ce contexte d\u2019association \u00e0 caract\u00e8re culturel nous avons b\u00e9n\u00e9fici\u00e9 d\u2019une reconnaissance r\u00e9gionale avec une subvention FDVA 2 et d\u2019une reconnaissance locale de la municipalit\u00e9 de Melle qui en 2025 nous a offert l\u2019acc\u00e8s gratuit \u00e0 la salle Le M\u00e9li\u00e8s lorsque celle-ci est disponible.<\/p><p align=\"justify\">\u00a0<\/p><p align=\"justify\">Le point noir de l\u2019ann\u00e9e a \u00e9t\u00e9 le dysfonctionnement du site internet avec perte du contenu qui y avait \u00e9t\u00e9 inject\u00e9 et d\u2019innombrables SPAMs pour le volet courrier. Ce site a maintenant \u00e9t\u00e9 restructur\u00e9 par Brieuc et nous esp\u00e9rons \u00eatre \u00e0 m\u00eame de l\u2019alimenter correctement en 2026 avec l\u2019aide de Jean-Marc.<\/p><p align=\"justify\">\u00a0<\/p><p align=\"justify\">Sur l\u2019ann\u00e9e civile 2025, lors de nos conf\u00e9rences du 1<sup>er<\/sup> semestre, nous avions commenc\u00e9 par \u00e9voquer l\u2019art pari\u00e9tal avec Denis TAUXE, ce qui s\u2019\u00e9tait prolong\u00e9 par un voyage sur Lascaux et Aubeterre au printemps dernier. Nous nous \u00e9tions \u00e9galement int\u00e9ress\u00e9s \u00e0 la sant\u00e9 des abeilles avec Freddie-Jeanne RICHARD avant d\u2019aborder la la\u00efcit\u00e9 avec Valentine ZUBER puis le progr\u00e8s technique (probl\u00e8me ou solution\u00a0?) avec Patrick CHASTENET.<\/p><p align=\"justify\">\u00a0<\/p><p align=\"justify\">Depuis septembre 2025, nous avons accueilli Daniel BERNARD sur l\u2019histoire de la couleur bleue et Lo\u00efc BLONDIAUX sur le th\u00e8me \u00ab\u00a0Peut-on encore sauver la d\u00e9mocratie\u00a0\u00bb ce qui atteste de la vari\u00e9t\u00e9 des th\u00e8mes qui sont abord\u00e9s au sein de l\u2019association.<\/p><p align=\"justify\">\u00a0<\/p><p align=\"justify\">Sur le 1<sup>er<\/sup> trimestre 2026, sont successivement programm\u00e9s\u00a0:<\/p><p>\u00a0* les chamoiseries et ganteries niortaises avec Daniel COURANT<\/p><p>\u00a0* la capture, le stockage et l\u2019utilisation de CO<sub>2<\/sub> avec Jo\u00ebl BARRAULT<\/p><p>\u00a0* le vrai pouvoir des plantes avec Jean-No\u00ebl HALLET.<\/p><p align=\"justify\">\u00a0<\/p><p align=\"justify\">J\u2019esp\u00e8re que le choix des th\u00e8mes et la qualit\u00e9 des conf\u00e9renciers contribuera \u00e0 affirmer le CPO dans les domaines o\u00f9 ses fondateurs avaient voulu le promouvoir et j\u2019esp\u00e8re que le s\u00e9rieux avec lequel les th\u00e8mes choisis sont trait\u00e9s contribuera \u00e0 fid\u00e9liser et \u00e9largir notre auditoire.<\/p><p align=\"justify\">\u00a0<\/p><p align=\"justify\">Le pr\u00e9sident,<\/p><p align=\"justify\">\u00a0<\/p><p align=\"justify\">J.-P. Quintard<\/p>\t\t\t\t\t\t\t\t<\/div>\n\t\t\t\t<\/div>\n\t\t\t\t\t<\/div>\n\t\t\t\t<\/div>\n\t\t\t\t<\/div>\n\t\t","protected":false},"excerpt":{"rendered":"<p>\u00a0Le mot du Pr\u00e9sident (1er Janvier 2026) \u00a0 Tout d\u2019abord, je pr\u00e9sente \u00e0 tou(te)s les adh\u00e9rent(e)s, ami(e)s et sympathisant(e)s du CPO mes Meilleurs V\u0153ux pour 2026. Pour le CPO, 2025 [&hellip;]<\/p>\n","protected":false},"author":1,"featured_media":0,"parent":0,"menu_order":0,"comment_status":"closed","ping_status":"closed","template":"elementor_canvas","meta":{"_price":"","_stock":"","_tribe_ticket_header":"","_tribe_default_ticket_provider":"","_tribe_ticket_capacity":"0","_ticket_start_date":"","_ticket_end_date":"","_tribe_ticket_show_description":"","_tribe_ticket_show_not_going":false,"_tribe_ticket_use_global_stock":"","_tribe_ticket_global_stock_level":"","_global_stock_mode":"","_global_stock_cap":"","_tribe_rsvp_for_event":"","_tribe_ticket_going_count":"","_tribe_ticket_not_going_count":"","_tribe_tickets_list":"[]","_tribe_ticket_has_attendee_info_fields":false,"footnotes":"","_tec_slr_enabled":"","_tec_slr_layout":""},"class_list":["post-120","page","type-page","status-publish","hentry"],"yoast_head":"<!-- This site is optimized with the Yoast SEO plugin v26.4 - https:\/\/yoast.com\/wordpress\/plugins\/seo\/ -->\n<title>Le mot du pr\u00e9sident - Centre culturel Protestant de l&#039;Ouest<\/title>\n<meta name=\"robots\" content=\"index, follow, max-snippet:-1, max-image-preview:large, max-video-preview:-1\" \/>\n<link rel=\"canonical\" href=\"https:\/\/centreprotestantdelouest.ovh\/index.php\/le-mot-du-president\/\" \/>\n<meta property=\"og:locale\" content=\"fr_FR\" \/>\n<meta property=\"og:type\" content=\"article\" \/>\n<meta property=\"og:title\" content=\"Le mot du pr\u00e9sident - Centre culturel Protestant de l&#039;Ouest\" \/>\n<meta property=\"og:description\" content=\"\u00a0Le mot du Pr\u00e9sident (1er Janvier 2026) \u00a0 Tout d\u2019abord, je pr\u00e9sente \u00e0 tou(te)s les adh\u00e9rent(e)s, ami(e)s et sympathisant(e)s du CPO mes Meilleurs V\u0153ux pour 2026. Pour le CPO, 2025 [&hellip;]\" \/>\n<meta property=\"og:url\" content=\"https:\/\/centreprotestantdelouest.ovh\/index.php\/le-mot-du-president\/\" \/>\n<meta property=\"og:site_name\" content=\"Centre culturel Protestant de l&#039;Ouest\" \/>\n<meta property=\"article:modified_time\" content=\"2026-01-12T15:41:02+00:00\" \/>\n<meta name=\"twitter:card\" content=\"summary_large_image\" \/>\n<meta name=\"twitter:label1\" content=\"Dur\u00e9e de lecture estim\u00e9e\" \/>\n\t<meta name=\"twitter:data1\" content=\"2 minutes\" \/>\n<script type=\"application\/ld+json\" class=\"yoast-schema-graph\">{\"@context\":\"https:\/\/schema.org\",\"@graph\":[{\"@type\":\"WebPage\",\"@id\":\"https:\/\/centreprotestantdelouest.ovh\/index.php\/le-mot-du-president\/\",\"url\":\"https:\/\/centreprotestantdelouest.ovh\/index.php\/le-mot-du-president\/\",\"name\":\"Le mot du pr\u00e9sident - Centre culturel Protestant de l&#039;Ouest\",\"isPartOf\":{\"@id\":\"https:\/\/centreprotestantdelouest.ovh\/#website\"},\"datePublished\":\"2025-02-23T11:42:16+00:00\",\"dateModified\":\"2026-01-12T15:41:02+00:00\",\"breadcrumb\":{\"@id\":\"https:\/\/centreprotestantdelouest.ovh\/index.php\/le-mot-du-president\/#breadcrumb\"},\"inLanguage\":\"fr-FR\",\"potentialAction\":[{\"@type\":\"ReadAction\",\"target\":[\"https:\/\/centreprotestantdelouest.ovh\/index.php\/le-mot-du-president\/\"]}]},{\"@type\":\"BreadcrumbList\",\"@id\":\"https:\/\/centreprotestantdelouest.ovh\/index.php\/le-mot-du-president\/#breadcrumb\",\"itemListElement\":[{\"@type\":\"ListItem\",\"position\":1,\"name\":\"Accueil\",\"item\":\"https:\/\/centreprotestantdelouest.ovh\/\"},{\"@type\":\"ListItem\",\"position\":2,\"name\":\"Le mot du pr\u00e9sident\"}]},{\"@type\":\"WebSite\",\"@id\":\"https:\/\/centreprotestantdelouest.ovh\/#website\",\"url\":\"https:\/\/centreprotestantdelouest.ovh\/\",\"name\":\"Centre culturel Protestant de l'Ouest\",\"description\":\"\",\"publisher\":{\"@id\":\"https:\/\/centreprotestantdelouest.ovh\/#organization\"},\"potentialAction\":[{\"@type\":\"SearchAction\",\"target\":{\"@type\":\"EntryPoint\",\"urlTemplate\":\"https:\/\/centreprotestantdelouest.ovh\/?s={search_term_string}\"},\"query-input\":{\"@type\":\"PropertyValueSpecification\",\"valueRequired\":true,\"valueName\":\"search_term_string\"}}],\"inLanguage\":\"fr-FR\"},{\"@type\":\"Organization\",\"@id\":\"https:\/\/centreprotestantdelouest.ovh\/#organization\",\"name\":\"Centre culturel Protestant de l'Ouest\",\"url\":\"https:\/\/centreprotestantdelouest.ovh\/\",\"logo\":{\"@type\":\"ImageObject\",\"inLanguage\":\"fr-FR\",\"@id\":\"https:\/\/centreprotestantdelouest.ovh\/#\/schema\/logo\/image\/\",\"url\":\"https:\/\/centreprotestantdelouest.ovh\/wp-content\/uploads\/2025\/02\/cropped-cropped-cropped-Centre-culturel-Protestant-de-lOuest-1.png\",\"contentUrl\":\"https:\/\/centreprotestantdelouest.ovh\/wp-content\/uploads\/2025\/02\/cropped-cropped-cropped-Centre-culturel-Protestant-de-lOuest-1.png\",\"width\":512,\"height\":512,\"caption\":\"Centre culturel Protestant de l'Ouest\"},\"image\":{\"@id\":\"https:\/\/centreprotestantdelouest.ovh\/#\/schema\/logo\/image\/\"}}]}<\/script>\n<!-- \/ Yoast SEO plugin. -->","yoast_head_json":{"title":"Le mot du pr\u00e9sident - Centre culturel Protestant de l&#039;Ouest","robots":{"index":"index","follow":"follow","max-snippet":"max-snippet:-1","max-image-preview":"max-image-preview:large","max-video-preview":"max-video-preview:-1"},"canonical":"https:\/\/centreprotestantdelouest.ovh\/index.php\/le-mot-du-president\/","og_locale":"fr_FR","og_type":"article","og_title":"Le mot du pr\u00e9sident - Centre culturel Protestant de l&#039;Ouest","og_description":"\u00a0Le mot du Pr\u00e9sident (1er Janvier 2026) \u00a0 Tout d\u2019abord, je pr\u00e9sente \u00e0 tou(te)s les adh\u00e9rent(e)s, ami(e)s et sympathisant(e)s du CPO mes Meilleurs V\u0153ux pour 2026. Pour le CPO, 2025 [&hellip;]","og_url":"https:\/\/centreprotestantdelouest.ovh\/index.php\/le-mot-du-president\/","og_site_name":"Centre culturel Protestant de l&#039;Ouest","article_modified_time":"2026-01-12T15:41:02+00:00","twitter_card":"summary_large_image","twitter_misc":{"Dur\u00e9e de lecture estim\u00e9e":"2 minutes"},"schema":{"@context":"https:\/\/schema.org","@graph":[{"@type":"WebPage","@id":"https:\/\/centreprotestantdelouest.ovh\/index.php\/le-mot-du-president\/","url":"https:\/\/centreprotestantdelouest.ovh\/index.php\/le-mot-du-president\/","name":"Le mot du pr\u00e9sident - Centre culturel Protestant de l&#039;Ouest","isPartOf":{"@id":"https:\/\/centreprotestantdelouest.ovh\/#website"},"datePublished":"2025-02-23T11:42:16+00:00","dateModified":"2026-01-12T15:41:02+00:00","breadcrumb":{"@id":"https:\/\/centreprotestantdelouest.ovh\/index.php\/le-mot-du-president\/#breadcrumb"},"inLanguage":"fr-FR","potentialAction":[{"@type":"ReadAction","target":["https:\/\/centreprotestantdelouest.ovh\/index.php\/le-mot-du-president\/"]}]},{"@type":"BreadcrumbList","@id":"https:\/\/centreprotestantdelouest.ovh\/index.php\/le-mot-du-president\/#breadcrumb","itemListElement":[{"@type":"ListItem","position":1,"name":"Accueil","item":"https:\/\/centreprotestantdelouest.ovh\/"},{"@type":"ListItem","position":2,"name":"Le mot du pr\u00e9sident"}]},{"@type":"WebSite","@id":"https:\/\/centreprotestantdelouest.ovh\/#website","url":"https:\/\/centreprotestantdelouest.ovh\/","name":"Centre culturel Protestant de l'Ouest","description":"","publisher":{"@id":"https:\/\/centreprotestantdelouest.ovh\/#organization"},"potentialAction":[{"@type":"SearchAction","target":{"@type":"EntryPoint","urlTemplate":"https:\/\/centreprotestantdelouest.ovh\/?s={search_term_string}"},"query-input":{"@type":"PropertyValueSpecification","valueRequired":true,"valueName":"search_term_string"}}],"inLanguage":"fr-FR"},{"@type":"Organization","@id":"https:\/\/centreprotestantdelouest.ovh\/#organization","name":"Centre culturel Protestant de l'Ouest","url":"https:\/\/centreprotestantdelouest.ovh\/","logo":{"@type":"ImageObject","inLanguage":"fr-FR","@id":"https:\/\/centreprotestantdelouest.ovh\/#\/schema\/logo\/image\/","url":"https:\/\/centreprotestantdelouest.ovh\/wp-content\/uploads\/2025\/02\/cropped-cropped-cropped-Centre-culturel-Protestant-de-lOuest-1.png","contentUrl":"https:\/\/centreprotestantdelouest.ovh\/wp-content\/uploads\/2025\/02\/cropped-cropped-cropped-Centre-culturel-Protestant-de-lOuest-1.png","width":512,"height":512,"caption":"Centre culturel Protestant de l'Ouest"},"image":{"@id":"https:\/\/centreprotestantdelouest.ovh\/#\/schema\/logo\/image\/"}}]}},"ticketed":false,"_links":{"self":[{"href":"https:\/\/centreprotestantdelouest.ovh\/index.php\/wp-json\/wp\/v2\/pages\/120","targetHints":{"allow":["GET"]}}],"collection":[{"href":"https:\/\/centreprotestantdelouest.ovh\/index.php\/wp-json\/wp\/v2\/pages"}],"about":[{"href":"https:\/\/centreprotestantdelouest.ovh\/index.php\/wp-json\/wp\/v2\/types\/page"}],"author":[{"embeddable":true,"href":"https:\/\/centreprotestantdelouest.ovh\/index.php\/wp-json\/wp\/v2\/users\/1"}],"replies":[{"embeddable":true,"href":"https:\/\/centreprotestantdelouest.ovh\/index.php\/wp-json\/wp\/v2\/comments?post=120"}],"version-history":[{"count":13,"href":"https:\/\/centreprotestantdelouest.ovh\/index.php\/wp-json\/wp\/v2\/pages\/120\/revisions"}],"predecessor-version":[{"id":318,"href":"https:\/\/centreprotestantdelouest.ovh\/index.php\/wp-json\/wp\/v2\/pages\/120\/revisions\/318"}],"wp:attachment":[{"href":"https:\/\/centreprotestantdelouest.ovh\/index.php\/wp-json\/wp\/v2\/media?parent=120"}],"curies":[{"name":"wp","href":"https:\/\/api.w.org\/{rel}","templated":true}]}}